{"id":67,"date":"2015-07-30T19:24:57","date_gmt":"2015-07-30T19:24:57","guid":{"rendered":"http:\/\/elenaradef.com\/da\/?page_id=67"},"modified":"2026-01-31T20:33:05","modified_gmt":"2026-01-31T20:33:05","slug":"om","status":"publish","type":"page","link":"https:\/\/elenaradef.org\/da\/om\/","title":{"rendered":"Om"},"content":{"rendered":"<div id='full_slider_1'  class='avia-fullwidth-slider main_color avia-shadow   avia-builder-el-0  el_before_av_section  avia-builder-el-first   container_wrap fullsize'  >\n<style type=\"text\/css\" data-created_by=\"avia_inline_auto\" id=\"style-css-av-k9vd59yx-0efe2d4c7406e33765629bb9470cd47d\">\n#top .avia-slideshow .av-slideshow-caption.av-k9vd59yx-0efe2d4c7406e33765629bb9470cd47d__0 .avia-caption-content{\nfont-size:23px;\n}\n#top .avia-slideshow .av-slideshow-caption.av-k9vd59yx-0efe2d4c7406e33765629bb9470cd47d__0 .avia-caption-content p{\nfont-size:23px;\n}\n<\/style>\n<div  class='avia-slideshow av-k9vd59yx-0efe2d4c7406e33765629bb9470cd47d avia-slideshow-no scaling av_slideshow_full avia-slide-slider av-slideshow-ui av-control-default av-slideshow-manual av-loop-once av-loop-manual-endless av-default-height-applied   avia-slideshow-1' data-slideshow-options=\"{&quot;animation&quot;:&quot;slide&quot;,&quot;autoplay&quot;:false,&quot;loop_autoplay&quot;:&quot;once&quot;,&quot;interval&quot;:5,&quot;loop_manual&quot;:&quot;manual-endless&quot;,&quot;autoplay_stopper&quot;:false,&quot;noNavigation&quot;:false,&quot;bg_slider&quot;:false,&quot;keep_padding&quot;:false,&quot;hoverpause&quot;:false,&quot;show_slide_delay&quot;:0}\"  itemprop=\"image\" itemscope=\"itemscope\" itemtype=\"https:\/\/schema.org\/ImageObject\" ><ul class='avia-slideshow-inner ' style='padding-bottom: 17.066666666667%;'><li  class='avia-slideshow-slide av-k9vd59yx-0efe2d4c7406e33765629bb9470cd47d__0  av-single-slide slide-1 slide-odd'><div data-rel='slideshow-1' class='avia-slide-wrap '   ><div class='av-slideshow-caption av-k9vd59yx-0efe2d4c7406e33765629bb9470cd47d__0 caption_fullwidth caption_center'><div class=\"container caption_container\"><div class=\"slideshow_caption\"><div class=\"slideshow_inner_caption\"><div class=\"slideshow_align_caption\"><div class='avia-caption-content '  itemprop=\"description\" ><p><strong>N\u00e5r vi bliver undervist, udrustet og tr\u00e6net &#8211; vokser vi hele tiden i at blive et mere helt menneske<\/strong><\/p>\n<\/div><\/div><\/div><\/div><\/div><\/div><img decoding=\"async\" fetchpriority=\"high\" class=\"wp-image-93 avia-img-lazy-loading-not-93\"  src=\"https:\/\/elenaradef.org\/wp-content\/uploads\/2015\/07\/nMAm8Y8_web_panorama.jpg\" width=\"1500\" height=\"256\" title='nMAm8Y8_web_panorama' alt=''  itemprop=\"thumbnailUrl\" srcset=\"https:\/\/elenaradef.org\/wp-content\/uploads\/2015\/07\/nMAm8Y8_web_panorama.jpg 1500w, https:\/\/elenaradef.org\/wp-content\/uploads\/2015\/07\/nMAm8Y8_web_panorama-300x51.jpg 300w, https:\/\/elenaradef.org\/wp-content\/uploads\/2015\/07\/nMAm8Y8_web_panorama-1030x176.jpg 1030w, https:\/\/elenaradef.org\/wp-content\/uploads\/2015\/07\/nMAm8Y8_web_panorama-600x102.jpg 600w, https:\/\/elenaradef.org\/wp-content\/uploads\/2015\/07\/nMAm8Y8_web_panorama-705x120.jpg 705w, https:\/\/elenaradef.org\/wp-content\/uploads\/2015\/07\/nMAm8Y8_web_panorama-450x77.jpg 450w\" sizes=\"(max-width: 1500px) 100vw, 1500px\" \/><\/div><\/li><\/ul><\/div><\/div>\n<div id='av_section_1'  class='avia-section av-a7hu3-02e5a6c98083f15e045a39ac40ba3501 main_color avia-section-default avia-no-shadow  avia-builder-el-1  el_after_av_slideshow_full  avia-builder-el-last  avia-bg-style-scroll container_wrap fullsize'  ><div class='container av-section-cont-open' ><div class='template-page content  av-content-full alpha units'><div class='post-entry post-entry-type-page post-entry-67'><div class='entry-content-wrapper clearfix'>\n\n<style type=\"text\/css\" data-created_by=\"avia_inline_auto\" id=\"style-css-av-9rt0r-2f410ffdfaa34b768c839e0a854aaeea\">\n.flex_column.av-9rt0r-2f410ffdfaa34b768c839e0a854aaeea{\nborder-radius:0px 0px 0px 0px;\npadding:0px 0px 0px 0px;\n}\n<\/style>\n<div  class='flex_column av-9rt0r-2f410ffdfaa34b768c839e0a854aaeea av_one_half  avia-builder-el-2  el_before_av_one_half  avia-builder-el-first  first flex_column_div av-zero-column-padding  '     ><p>\n<style type=\"text\/css\" data-created_by=\"avia_inline_auto\" id=\"style-css-av-3vy3b-39b760f6c699f2ab4079ede5e4f35325\">\n#top .av-special-heading.av-3vy3b-39b760f6c699f2ab4079ede5e4f35325{\npadding-bottom:10px;\nfont-size:46px;\n}\nbody .av-special-heading.av-3vy3b-39b760f6c699f2ab4079ede5e4f35325 .av-special-heading-tag .heading-char{\nfont-size:25px;\n}\n#top #wrap_all .av-special-heading.av-3vy3b-39b760f6c699f2ab4079ede5e4f35325 .av-special-heading-tag{\nfont-size:46px;\n}\n.av-special-heading.av-3vy3b-39b760f6c699f2ab4079ede5e4f35325 .av-subheading{\nfont-size:29px;\n}\n\n@media only screen and (min-width: 480px) and (max-width: 767px){ \n#top #wrap_all .av-special-heading.av-3vy3b-39b760f6c699f2ab4079ede5e4f35325 .av-special-heading-tag{\nfont-size:0.8em;\n}\n}\n\n@media only screen and (max-width: 479px){ \n#top #wrap_all .av-special-heading.av-3vy3b-39b760f6c699f2ab4079ede5e4f35325 .av-special-heading-tag{\nfont-size:0.8em;\n}\n}\n<\/style>\n<div  class='av-special-heading av-3vy3b-39b760f6c699f2ab4079ede5e4f35325 av-special-heading-h3 blockquote modern-quote  avia-builder-el-3  el_before_av_textblock  avia-builder-el-first  av-inherit-size'><div class='av-subheading av-subheading_above'><p>om<\/p>\n<\/div><h3 class='av-special-heading-tag'  itemprop=\"headline\"  >Elena Radef<\/h3><div class=\"special-heading-border\"><div class=\"special-heading-inner-border\"><\/div><\/div><\/div><br \/>\n<section  class='av_textblock_section av-8m9q7-abf483f843dcf2dc1e3c938c8a87efab '   itemscope=\"itemscope\" itemtype=\"https:\/\/schema.org\/CreativeWork\" ><div class='avia_textblock'  itemprop=\"text\" ><p><span class='av_dropcap1 av-av_dropcap1-3cd9da5fea0ef5fb27aee617571c39a3'>H<\/span><strong><span style=\"text-decoration: underline;\"><a href=\"https:\/\/www.youtube.com\/channel\/UCscpcMTVhKsW-ZkkrQ8j02A\/videos\" target=\"_blank\" rel=\"noopener noreferrer\">un har et kald til lede og udruste mennesker gennem undervisning og tr\u00e6ning.<\/a><\/span><\/strong><\/p>\n<p>Elena er uddannet tr\u00e6ningsinstrukt\u00f8r, teologisk uddannelse, psykoterapeut\/psykolog, har lang erfaring inden ledelse, og har i n\u00e6sten tre \u00e5rtier konsulteret 1000-vis af mennesker som konsulent og speaker\/underviser.<\/p>\n<p>Ved at have arbejdet med mennesker i s\u00e5 mange \u00e5r, har det givet hende en stor forst\u00e5else for menneskelige problemer og hvordan folk relaterer til forskellige issues i deres liv.<\/p>\n<p>Hvad er baggrunden for alt dette?<\/p>\n<p>Hendes tidlige barndom var sv\u00e6r, og det fik hende til at s\u00f8ge Gud senere i livet: hende sidste h\u00e5b om at f\u00e5 et svar p\u00e5 noget som helst. Hun fik et svar, der tog hende mange \u00e5r at forst\u00e5 &#8211; det var en fred og k\u00e6rlighed der overgik alt.<\/p>\n<p>Over de n\u00e6ste \u00e5rtier pr\u00f8vede hun alt for at &#8211; ikke bare finde den fred og k\u00e6rlighed &#8211; men at leve i den! Hun gik fra \u00e9n ting til en anden &#8211; og deltog i forskellige kurser og uddannelser<\/p>\n<p>Ud fra det s\u00f8gte hun at hj\u00e6lpe andre mennesker og begyndte at tr\u00e6ne, undervise og udruste dem i en ny og sund vej i livet: kombinationen af krop, sj\u00e6l og \u00c5nd.<\/p>\n<p><strong><a href=\"https:\/\/www.youtube.com\/watch?v=AdYSXk4dMXs&amp;t=982s\" target=\"_blank\" rel=\"noopener\">H\u00f8r Elenas historie i en dansk radioudsendelse &gt;&gt;<\/a><\/strong><\/p>\n<p><strong><a href=\"https:\/\/elenaradef.org\/da\/formaal\/\" target=\"_blank\" rel=\"noopener\">L\u00e6s om form\u00e5let for Elena Radef Ministries &gt;&gt;<\/a><\/strong><\/p>\n<\/div><\/section><br \/>\n<div  class='hr av-7tje3-00426f4e872b1b952d5c58912e6363b1 hr-default  avia-builder-el-5  el_after_av_textblock  el_before_av_heading '><span class='hr-inner '><span class=\"hr-inner-style\"><\/span><\/span><\/div><br \/>\n\n<style type=\"text\/css\" data-created_by=\"avia_inline_auto\" id=\"style-css-av-3e6fj-af8d59fffc448e337011a534395b90e0\">\n#top .av-special-heading.av-3e6fj-af8d59fffc448e337011a534395b90e0{\npadding-bottom:10px;\nfont-size:29px;\n}\nbody .av-special-heading.av-3e6fj-af8d59fffc448e337011a534395b90e0 .av-special-heading-tag .heading-char{\nfont-size:25px;\n}\n#top #wrap_all .av-special-heading.av-3e6fj-af8d59fffc448e337011a534395b90e0 .av-special-heading-tag{\nfont-size:29px;\n}\n.av-special-heading.av-3e6fj-af8d59fffc448e337011a534395b90e0 .av-subheading{\nfont-size:15px;\n}\n\n@media only screen and (min-width: 480px) and (max-width: 767px){ \n#top #wrap_all .av-special-heading.av-3e6fj-af8d59fffc448e337011a534395b90e0 .av-special-heading-tag{\nfont-size:0.8em;\n}\n}\n\n@media only screen and (max-width: 479px){ \n#top #wrap_all .av-special-heading.av-3e6fj-af8d59fffc448e337011a534395b90e0 .av-special-heading-tag{\nfont-size:0.8em;\n}\n}\n<\/style>\n<div  class='av-special-heading av-3e6fj-af8d59fffc448e337011a534395b90e0 av-special-heading-h3 blockquote modern-quote  avia-builder-el-6  el_after_av_hr  el_before_av_textblock  av-inherit-size'><h3 class='av-special-heading-tag'  itemprop=\"headline\"  >Praktisk<\/h3><div class=\"special-heading-border\"><div class=\"special-heading-inner-border\"><\/div><\/div><\/div><br \/>\n<section  class='av_textblock_section av-6mc57-66a9b564071e9522fed6b3e651fb4716 '   itemscope=\"itemscope\" itemtype=\"https:\/\/schema.org\/CreativeWork\" ><div class='avia_textblock'  itemprop=\"text\" ><p><strong>Elena Radef Ministries\u00a0<\/strong><\/p>\n<p>Email: info@elenaradef.dk<\/p>\n<\/div><\/section><br \/>\n\n<style type=\"text\/css\" data-created_by=\"avia_inline_auto\" id=\"style-css-av-2njxz-a0fc69e38f806b26ba0b3662a9881363\">\n#top .av-special-heading.av-2njxz-a0fc69e38f806b26ba0b3662a9881363{\npadding-bottom:10px;\nfont-size:29px;\n}\nbody .av-special-heading.av-2njxz-a0fc69e38f806b26ba0b3662a9881363 .av-special-heading-tag .heading-char{\nfont-size:25px;\n}\n#top #wrap_all .av-special-heading.av-2njxz-a0fc69e38f806b26ba0b3662a9881363 .av-special-heading-tag{\nfont-size:29px;\n}\n.av-special-heading.av-2njxz-a0fc69e38f806b26ba0b3662a9881363 .av-subheading{\nfont-size:15px;\n}\n\n@media only screen and (min-width: 480px) and (max-width: 767px){ \n#top #wrap_all .av-special-heading.av-2njxz-a0fc69e38f806b26ba0b3662a9881363 .av-special-heading-tag{\nfont-size:0.8em;\n}\n}\n\n@media only screen and (max-width: 479px){ \n#top #wrap_all .av-special-heading.av-2njxz-a0fc69e38f806b26ba0b3662a9881363 .av-special-heading-tag{\nfont-size:0.8em;\n}\n}\n<\/style>\n<div  class='av-special-heading av-2njxz-a0fc69e38f806b26ba0b3662a9881363 av-special-heading-h3 blockquote modern-quote  avia-builder-el-8  el_after_av_textblock  el_before_av_textblock  av-inherit-size'><h3 class='av-special-heading-tag'  itemprop=\"headline\"  >Presse<\/h3><div class=\"special-heading-border\"><div class=\"special-heading-inner-border\"><\/div><\/div><\/div><br \/>\n<section  class='av_textblock_section av-5pumf-e94b8a8d7a65d63d28080ed528076de4 '   itemscope=\"itemscope\" itemtype=\"https:\/\/schema.org\/CreativeWork\" ><div class='avia_textblock'  itemprop=\"text\" ><p><strong><a href=\"https:\/\/udfordringen.dk\/2017\/06\/jesus-ogeller-new-age\/\" target=\"_blank\" rel=\"noopener noreferrer\">Elena Radef &#8211; Udfordringen<\/a><\/strong><\/p>\n<p><strong><a href=\"http:\/\/www.kristeligt-dagblad.dk\/kirke-tro\/2014-09-12\/jeg-er-interesseret-i-levende-tro-ikke-religi\u00f8sitet\" target=\"_blank\" rel=\"noopener noreferrer\">Elena Radef &#8211; Kristeligt Dagblad<\/a><\/strong><\/p>\n<\/div><\/section><\/p><\/div>\n<style type=\"text\/css\" data-created_by=\"avia_inline_auto\" id=\"style-css-av-5b6x7-6d7831b17e89de643f72998bb092fbeb\">\n.flex_column.av-5b6x7-6d7831b17e89de643f72998bb092fbeb{\nborder-radius:0px 0px 0px 0px;\npadding:0px 0px 0px 0px;\n}\n<\/style>\n<div  class='flex_column av-5b6x7-6d7831b17e89de643f72998bb092fbeb av_one_half  avia-builder-el-10  el_after_av_one_half  avia-builder-el-last  flex_column_div av-zero-column-padding  '     ><p>\n<style type=\"text\/css\" data-created_by=\"avia_inline_auto\" id=\"style-css-av-3xtu7-9c56a1f6e404a1960fe504c0b923d2e4\">\n.avia-image-container.av-3xtu7-9c56a1f6e404a1960fe504c0b923d2e4 img.avia_image{\nbox-shadow:none;\n}\n.avia-image-container.av-3xtu7-9c56a1f6e404a1960fe504c0b923d2e4 .av-image-caption-overlay-center{\ncolor:#ffffff;\n}\n<\/style>\n<div  class='avia-image-container av-3xtu7-9c56a1f6e404a1960fe504c0b923d2e4 av-styling- avia-align-center  avia-builder-el-11  el_before_av_hr  avia-builder-el-first '   itemprop=\"image\" itemscope=\"itemscope\" itemtype=\"https:\/\/schema.org\/ImageObject\" ><div class=\"avia-image-container-inner\"><div class=\"avia-image-overlay-wrap\"><img decoding=\"async\" fetchpriority=\"high\" class='wp-image-382 avia-img-lazy-loading-not-382 avia_image ' src=\"https:\/\/elenaradef.org\/wp-content\/uploads\/2015\/07\/Elena-Radef-13-web-kopi-768x684.jpg\" alt='' title='Elena Radef'  height=\"684\" width=\"768\"  itemprop=\"thumbnailUrl\"  \/><\/div><\/div><\/div><br \/>\n<div  class='hr av-7tje3-1-5dc7ecd04396a0d9e779acf469412de8 hr-default  avia-builder-el-12  el_after_av_image  el_before_av_heading '><span class='hr-inner '><span class=\"hr-inner-style\"><\/span><\/span><\/div><br \/>\n\n<style type=\"text\/css\" data-created_by=\"avia_inline_auto\" id=\"style-css-av-27he7-1605f2c89d50baa244e1ebf5e1e3508a\">\n#top .av-special-heading.av-27he7-1605f2c89d50baa244e1ebf5e1e3508a{\npadding-bottom:10px;\nfont-size:29px;\n}\nbody .av-special-heading.av-27he7-1605f2c89d50baa244e1ebf5e1e3508a .av-special-heading-tag .heading-char{\nfont-size:25px;\n}\n#top #wrap_all .av-special-heading.av-27he7-1605f2c89d50baa244e1ebf5e1e3508a .av-special-heading-tag{\nfont-size:29px;\n}\n.av-special-heading.av-27he7-1605f2c89d50baa244e1ebf5e1e3508a .av-subheading{\nfont-size:15px;\n}\n\n@media only screen and (min-width: 480px) and (max-width: 767px){ \n#top #wrap_all .av-special-heading.av-27he7-1605f2c89d50baa244e1ebf5e1e3508a .av-special-heading-tag{\nfont-size:0.8em;\n}\n}\n\n@media only screen and (max-width: 479px){ \n#top #wrap_all .av-special-heading.av-27he7-1605f2c89d50baa244e1ebf5e1e3508a .av-special-heading-tag{\nfont-size:0.8em;\n}\n}\n<\/style>\n<div  class='av-special-heading av-27he7-1605f2c89d50baa244e1ebf5e1e3508a av-special-heading-h3 blockquote modern-quote  avia-builder-el-13  el_after_av_hr  el_before_av_textblock  av-inherit-size'><h3 class='av-special-heading-tag'  itemprop=\"headline\"  >Mentoring<\/h3><div class=\"special-heading-border\"><div class=\"special-heading-inner-border\"><\/div><\/div><\/div><br \/>\n<section  class='av_textblock_section av-2kqpj-916231b20db86536f5d7546aa8626b83 '   itemscope=\"itemscope\" itemtype=\"https:\/\/schema.org\/CreativeWork\" ><div class='avia_textblock'  itemprop=\"text\" ><p>For yderligere information kontakt Elena Radef.<\/p>\n<\/div><\/section><br \/>\n<div  class='avia-icon-list-container av-2ah17-e5407661b3ba2576531d3f6ea333d5ae  avia-builder-el-15  el_after_av_textblock  avia-builder-el-last '><ul class='avia-icon-list avia_animate_when_almost_visible avia-icon-list-left av-iconlist-big av-2ah17-e5407661b3ba2576531d3f6ea333d5ae avia-iconlist-animate'>\n<li><div class='iconlist_icon av-19rqj-4edb27a5adf2f64bf6c54a14da2e1009 avia-font-entypo-fontello'><span class='iconlist-char' aria-hidden='true' data-av_icon='\ue83c' data-av_iconfont='entypo-fontello'><\/span><\/div><article class=\"article-icon-entry \"  itemscope=\"itemscope\" itemtype=\"https:\/\/schema.org\/CreativeWork\" ><div class=\"iconlist_content_wrap\"><header class=\"entry-content-header\"><h4 class='av_iconlist_title iconlist_title  '  itemprop=\"headline\" ><a href='https:\/\/elenaradef.org\/da\/undervisning\/' title='Sp\u00f8rgsm\u00e5l'>Sp\u00f8rgsm\u00e5l<\/a><\/h4><\/header><div class='iconlist_content '  itemprop=\"text\" ><p>Har du nogen sp\u00f8rgsm\u00e5l, s\u00e5 er du velkommen til at sende os en <strong><a href=\"mailto:info@elenaradef.dk\" target=\"_blank\" rel=\"noopener\">e-mail<\/a><\/strong>.<\/p>\n<\/div><\/div><footer class=\"entry-footer\"><\/footer><\/article><div class=\"iconlist-timeline\"><\/div><\/li>\n<li><div class='iconlist_icon av-p4wv-f1423959c3836b3a4897797a74eb2546 avia-font-entypo-fontello'><span class='iconlist-char' aria-hidden='true' data-av_icon='\ue80b' data-av_iconfont='entypo-fontello'><\/span><\/div><article class=\"article-icon-entry \"  itemscope=\"itemscope\" itemtype=\"https:\/\/schema.org\/CreativeWork\" ><div class=\"iconlist_content_wrap\"><header class=\"entry-content-header\"><h4 class='av_iconlist_title iconlist_title  '  itemprop=\"headline\" ><a href='https:\/\/elenaradef.org\/da\/undervisning\/' title='Foredrag'>Foredrag<\/a><\/h4><\/header><div class='iconlist_content '  itemprop=\"text\" ><p>Elena rejser rundt og holder foredrag om forskellige livsessentielle sp\u00f8rgsm\u00e5l. Du er velkommen til, at sende os en <strong>e-mail<\/strong> og h\u00f8re n\u00e6rmere.<\/p>\n<p><strong><a href=\"https:\/\/elenaradef.org\/da\/foredrag\/\" target=\"_blank\" rel=\"noopener\">Klik p\u00e5 linket<\/a><\/strong> for at l\u00e6se yderligere om de forskellige emner.<\/p>\n<\/div><\/div><footer class=\"entry-footer\"><\/footer><\/article><div class=\"iconlist-timeline\"><\/div><\/li>\n<\/ul><\/div><\/p><\/div>\n","protected":false},"excerpt":{"rendered":"","protected":false},"author":2,"featured_media":0,"parent":0,"menu_order":0,"comment_status":"open","ping_status":"open","template":"","meta":{"footnotes":""},"yoast_head":"<!-- This site is optimized with the Yoast SEO plugin v24.5 - https:\/\/yoast.com\/wordpress\/plugins\/seo\/ -->\n<title>Om - Elena Radef Ministries<\/title>\n<meta name=\"robots\" content=\"index, follow, max-snippet:-1, max-image-preview:large, max-video-preview:-1\" \/>\n<link rel=\"canonical\" href=\"https:\/\/elenaradef.org\/da\/om\/\" \/>\n<meta property=\"og:locale\" content=\"da_DK\" \/>\n<meta property=\"og:type\" content=\"article\" \/>\n<meta property=\"og:title\" content=\"Om - Elena Radef Ministries\" \/>\n<meta property=\"og:url\" content=\"https:\/\/elenaradef.org\/da\/om\/\" \/>\n<meta property=\"og:site_name\" content=\"Elena Radef Ministries\" \/>\n<meta property=\"article:publisher\" content=\"https:\/\/www.facebook.com\/elenaradefministries\" \/>\n<meta property=\"article:modified_time\" content=\"2026-01-31T20:33:05+00:00\" \/>\n<meta name=\"twitter:card\" content=\"summary_large_image\" \/>\n<meta name=\"twitter:label1\" content=\"Estimeret l\u00e6setid\" \/>\n\t<meta name=\"twitter:data1\" content=\"2 minutter\" \/>\n<script type=\"application\/ld+json\" class=\"yoast-schema-graph\">{\"@context\":\"https:\/\/schema.org\",\"@graph\":[{\"@type\":\"WebPage\",\"@id\":\"https:\/\/elenaradef.org\/da\/om\/\",\"url\":\"https:\/\/elenaradef.org\/da\/om\/\",\"name\":\"Om - Elena Radef Ministries\",\"isPartOf\":{\"@id\":\"https:\/\/elenaradef.org\/da\/#website\"},\"datePublished\":\"2015-07-30T19:24:57+00:00\",\"dateModified\":\"2026-01-31T20:33:05+00:00\",\"breadcrumb\":{\"@id\":\"https:\/\/elenaradef.org\/da\/om\/#breadcrumb\"},\"inLanguage\":\"da-DK\",\"potentialAction\":[{\"@type\":\"ReadAction\",\"target\":[\"https:\/\/elenaradef.org\/da\/om\/\"]}]},{\"@type\":\"BreadcrumbList\",\"@id\":\"https:\/\/elenaradef.org\/da\/om\/#breadcrumb\",\"itemListElement\":[{\"@type\":\"ListItem\",\"position\":1,\"name\":\"Home\",\"item\":\"https:\/\/elenaradef.org\/da\/velkommen\/\"},{\"@type\":\"ListItem\",\"position\":2,\"name\":\"Om\"}]},{\"@type\":\"WebSite\",\"@id\":\"https:\/\/elenaradef.org\/da\/#website\",\"url\":\"https:\/\/elenaradef.org\/da\/\",\"name\":\"Elena Radef Ministries\",\"description\":\"Teacher &amp; Evangelist\",\"potentialAction\":[{\"@type\":\"SearchAction\",\"target\":{\"@type\":\"EntryPoint\",\"urlTemplate\":\"https:\/\/elenaradef.org\/da\/?s={search_term_string}\"},\"query-input\":{\"@type\":\"PropertyValueSpecification\",\"valueRequired\":true,\"valueName\":\"search_term_string\"}}],\"inLanguage\":\"da-DK\"}]}<\/script>\n<!-- \/ Yoast SEO plugin. -->","yoast_head_json":{"title":"Om - Elena Radef Ministries","robots":{"index":"index","follow":"follow","max-snippet":"max-snippet:-1","max-image-preview":"max-image-preview:large","max-video-preview":"max-video-preview:-1"},"canonical":"https:\/\/elenaradef.org\/da\/om\/","og_locale":"da_DK","og_type":"article","og_title":"Om - Elena Radef Ministries","og_url":"https:\/\/elenaradef.org\/da\/om\/","og_site_name":"Elena Radef Ministries","article_publisher":"https:\/\/www.facebook.com\/elenaradefministries","article_modified_time":"2026-01-31T20:33:05+00:00","twitter_card":"summary_large_image","twitter_misc":{"Estimeret l\u00e6setid":"2 minutter"},"schema":{"@context":"https:\/\/schema.org","@graph":[{"@type":"WebPage","@id":"https:\/\/elenaradef.org\/da\/om\/","url":"https:\/\/elenaradef.org\/da\/om\/","name":"Om - Elena Radef Ministries","isPartOf":{"@id":"https:\/\/elenaradef.org\/da\/#website"},"datePublished":"2015-07-30T19:24:57+00:00","dateModified":"2026-01-31T20:33:05+00:00","breadcrumb":{"@id":"https:\/\/elenaradef.org\/da\/om\/#breadcrumb"},"inLanguage":"da-DK","potentialAction":[{"@type":"ReadAction","target":["https:\/\/elenaradef.org\/da\/om\/"]}]},{"@type":"BreadcrumbList","@id":"https:\/\/elenaradef.org\/da\/om\/#breadcrumb","itemListElement":[{"@type":"ListItem","position":1,"name":"Home","item":"https:\/\/elenaradef.org\/da\/velkommen\/"},{"@type":"ListItem","position":2,"name":"Om"}]},{"@type":"WebSite","@id":"https:\/\/elenaradef.org\/da\/#website","url":"https:\/\/elenaradef.org\/da\/","name":"Elena Radef Ministries","description":"Teacher &amp; Evangelist","potentialAction":[{"@type":"SearchAction","target":{"@type":"EntryPoint","urlTemplate":"https:\/\/elenaradef.org\/da\/?s={search_term_string}"},"query-input":{"@type":"PropertyValueSpecification","valueRequired":true,"valueName":"search_term_string"}}],"inLanguage":"da-DK"}]}},"_links":{"self":[{"href":"https:\/\/elenaradef.org\/da\/wp-json\/wp\/v2\/pages\/67"}],"collection":[{"href":"https:\/\/elenaradef.org\/da\/wp-json\/wp\/v2\/pages"}],"about":[{"href":"https:\/\/elenaradef.org\/da\/wp-json\/wp\/v2\/types\/page"}],"author":[{"embeddable":true,"href":"https:\/\/elenaradef.org\/da\/wp-json\/wp\/v2\/users\/2"}],"replies":[{"embeddable":true,"href":"https:\/\/elenaradef.org\/da\/wp-json\/wp\/v2\/comments?post=67"}],"version-history":[{"count":73,"href":"https:\/\/elenaradef.org\/da\/wp-json\/wp\/v2\/pages\/67\/revisions"}],"predecessor-version":[{"id":5921,"href":"https:\/\/elenaradef.org\/da\/wp-json\/wp\/v2\/pages\/67\/revisions\/5921"}],"wp:attachment":[{"href":"https:\/\/elenaradef.org\/da\/wp-json\/wp\/v2\/media?parent=67"}],"curies":[{"name":"wp","href":"https:\/\/api.w.org\/{rel}","templated":true}]}}