{"id":59,"date":"2015-07-30T18:59:25","date_gmt":"2015-07-30T18:59:25","guid":{"rendered":"http:\/\/elenaradef.com\/?page_id=59&#038;lang=da"},"modified":"2023-08-07T14:32:45","modified_gmt":"2023-08-07T14:32:45","slug":"formaal","status":"publish","type":"page","link":"https:\/\/elenaradef.org\/da\/formaal\/","title":{"rendered":"Form\u00e5l"},"content":{"rendered":"\n<style type=\"text\/css\" data-created_by=\"avia_inline_auto\" id=\"style-css-av-413fb-acc2df37de3ab72a33fc878307c220f1\">\n.avia-section.av-413fb-acc2df37de3ab72a33fc878307c220f1 .av-parallax .av-parallax-inner{\nbackground-repeat:no-repeat;\nbackground-image:url(https:\/\/elenaradef.org\/wp-content\/uploads\/2015\/09\/stones_wall_black-and-white_structure_15153_2560x1600_web_darker.jpg);\nbackground-position:50% 50%;\nbackground-attachment:scroll;\n}\n<\/style>\n<div id='av_section_1'  class='avia-section av-413fb-acc2df37de3ab72a33fc878307c220f1 main_color avia-section-default avia-no-shadow  avia-builder-el-0  el_before_av_section  avia-builder-el-first  av-parallax-section avia-bg-style-parallax container_wrap fullsize'  data-section-bg-repeat='no-repeat'><div class='av-parallax' data-avia-parallax-ratio='0.3' ><div class='av-parallax-inner main_color avia-full-stretch'><\/div><\/div><div class='container av-section-cont-open' ><main  role=\"main\" itemprop=\"mainContentOfPage\"  class='template-page content  av-content-full alpha units'><div class='post-entry post-entry-type-page post-entry-59'><div class='entry-content-wrapper clearfix'>\n\n<style type=\"text\/css\" data-created_by=\"avia_inline_auto\" id=\"style-css-av-ll0o3b0l-ee1847f6b7aab47c1223060a01a5dbba\">\n#top .av-special-heading.av-ll0o3b0l-ee1847f6b7aab47c1223060a01a5dbba{\npadding-bottom:10px;\ncolor:#ffffff;\nfont-size:46px;\n}\nbody .av-special-heading.av-ll0o3b0l-ee1847f6b7aab47c1223060a01a5dbba .av-special-heading-tag .heading-char{\nfont-size:25px;\n}\n#top #wrap_all .av-special-heading.av-ll0o3b0l-ee1847f6b7aab47c1223060a01a5dbba .av-special-heading-tag{\nfont-size:46px;\n}\n.av-special-heading.av-ll0o3b0l-ee1847f6b7aab47c1223060a01a5dbba .special-heading-inner-border{\nborder-color:#ffffff;\n}\n.av-special-heading.av-ll0o3b0l-ee1847f6b7aab47c1223060a01a5dbba .av-subheading{\nfont-size:15px;\n}\n\n@media only screen and (min-width: 480px) and (max-width: 767px){ \n#top #wrap_all .av-special-heading.av-ll0o3b0l-ee1847f6b7aab47c1223060a01a5dbba .av-special-heading-tag{\nfont-size:0.8em;\n}\n}\n\n@media only screen and (max-width: 479px){ \n#top #wrap_all .av-special-heading.av-ll0o3b0l-ee1847f6b7aab47c1223060a01a5dbba .av-special-heading-tag{\nfont-size:0.8em;\n}\n}\n<\/style>\n<div  class='av-special-heading av-ll0o3b0l-ee1847f6b7aab47c1223060a01a5dbba av-special-heading-h3 custom-color-heading blockquote modern-quote  avia-builder-el-1  el_before_av_textblock  avia-builder-el-first  av-inherit-size'><h3 class='av-special-heading-tag'  itemprop=\"headline\"  >Form\u00e5l<\/h3><div class=\"special-heading-border\"><div class=\"special-heading-inner-border\"><\/div><\/div><\/div>\n<section  class='av_textblock_section av-k9vaj7u7-03ecabd79c4ea08fa2676a91cc34ef96 '   itemscope=\"itemscope\" itemtype=\"https:\/\/schema.org\/CreativeWork\" ><div class='avia_textblock'  itemprop=\"text\" ><h4><span style=\"color: #ffffff;\"><strong>De \u00e5ndelige iboende egenskaber g\u00f8r os i stand til at leve fyldestg\u00f8rende liv, der hvor vi virkelig oplever, at vi lever, ikke bare venter p\u00e5 at livet begynder.<\/strong><\/span><\/h4>\n<\/div><\/section>\n\n<\/div><\/div><\/main><!-- close content main element --><\/div><\/div><div id='av_section_2'  class='avia-section av-2tvbv-7d6f842a0e2acbcf3614b2094db318c4 main_color avia-section-default avia-no-shadow  avia-builder-el-3  el_after_av_section  avia-builder-el-last  avia-bg-style-scroll container_wrap fullsize'  ><div class='container av-section-cont-open' ><div class='template-page content  av-content-full alpha units'><div class='post-entry post-entry-type-page post-entry-59'><div class='entry-content-wrapper clearfix'>\n\n<style type=\"text\/css\" data-created_by=\"avia_inline_auto\" id=\"style-css-av-1wnq7-ddebdbffcc8f51bdb085131427a2565b\">\n.flex_column.av-1wnq7-ddebdbffcc8f51bdb085131427a2565b{\nborder-radius:0px 0px 0px 0px;\npadding:0px 0px 0px 0px;\n}\n<\/style>\n<div  class='flex_column av-1wnq7-ddebdbffcc8f51bdb085131427a2565b av_one_full  avia-builder-el-4  avia-builder-el-no-sibling  first flex_column_div av-zero-column-padding  '     ><section  class='av_textblock_section av-1a2gf-61d459e0155056cc682758e4188ec857 '   itemscope=\"itemscope\" itemtype=\"https:\/\/schema.org\/CreativeWork\" ><div class='avia_textblock'  itemprop=\"text\" ><h3>Elena Radef<\/h3>\n<p><span class='av_dropcap1 av-av_dropcap1-3cd9da5fea0ef5fb27aee617571c39a3'>M<\/span>it form\u00e5l er at udruste, tr\u00e6ne og undervise dig &#8211; at s\u00f8rge for, at du har de rigtige v\u00e6rkt\u00f8jer til at navigere gennem hindringer og styre dit liv i den rigtige retning.<\/p>\n<p><span style=\"font-weight: 400;\">Mit form\u00e5l er at give dig til muligheden for at se, hvorfor det er essentielt at leve ud fra den \u00e5benbaring om, at vi er krop, <strong><a href=\"https:\/\/youtu.be\/DhoopMgh2n8\" target=\"_blank\" rel=\"noopener noreferrer\">sj\u00e6l og \u00e5nd &gt;&gt;<\/a><\/strong><\/span><\/p>\n<p><span style=\"font-weight: 400;\">Oftest lader vi os styre af <strong><a href=\"https:\/\/youtu.be\/ENzoEdKR7ug\" target=\"_blank\" rel=\"noopener noreferrer\">f\u00f8lelser i forhold til livet &gt;&gt;<\/a><\/strong>, og vores <a href=\"https:\/\/youtu.be\/0IM43BtUd9k\" target=\"_blank\" rel=\"noopener noreferrer\"><strong>krop en beholder for symptomerne &gt;&gt;<\/strong><\/a><\/span><\/p>\n<p>Og alt for ofte bliver vores \u00e5nd overset. Vores \u00e5nd str\u00e6kker sig langt udover vores forst\u00e5else.<\/p>\n<p>De \u00e5ndelige iboende egenskaber g\u00f8r os i stand til at leve fyldestg\u00f8rende liv, der hvor vi virkelig oplever, at vi lever, ikke bare venter p\u00e5 at livet begynder.<\/p>\n<p>N\u00e5r vi str\u00e6kker os selv mod at blive et fuldt modent v\u00e6sen gennem den \u00e5benbaring om, at vi er et tredelt v\u00e6sen, rejser det sig en indre vished i vores vandring gennem livet. Vi er i stand til at bev\u00e6ge os igennem livet.<\/p>\n<p>Dette g\u00e6lder i:<\/p>\n<ul>\n<li>K\u00e6rligheden<\/li>\n<li>Karriere<\/li>\n<li>Venskaber<\/li>\n<li>Parforhold<\/li>\n<li>I det hele taget den m\u00e5de, vi lever vores liv p\u00e5<\/li>\n<\/ul>\n<p><strong><a href=\"https:\/\/elenaradef.org\/da\/foredrag\/\">Book et foredrag med Elena &gt;&gt;<\/a><\/strong><\/p>\n<ul>\n<li style=\"list-style-type: none;\"><\/li>\n<\/ul>\n<h3><strong>Elena Radef Ministries<\/strong><\/h3>\n<p><span style=\"font-weight: 400;\"><span class='av_dropcap1 av-av_dropcap1-3cd9da5fea0ef5fb27aee617571c39a3'>V<\/span><\/span>i f\u00f8ler, at Elena Radef Ministries er kaldet til at g\u00f8re en forskel i forhold til organisationer og ellers i samfundet, der evangeliet er overset.<\/p>\n<p>Vi \u00f8nsker at proklamere evangeliet for moderne mennesker af i dag, og i det skabe varige \u00e6ndringer af grundl\u00e6ggende v\u00e6rdier.<\/p>\n<p>Alt i alt, for at Guds ord kan have en meget klarere stemme i samfundet.<\/p>\n<p>Som en del af f\u00e6llesskabet, s\u00e6tter vi stor pris p\u00e5 dine meninger og tanker og kommentarer &#8211; s\u00e5 del dem gerne p\u00e5:<\/p>\n<ul>\n<li><a href=\"mailto:info@elenaradef.dk\"><strong>info@elenaradef.dk<\/strong><\/a><\/li>\n<li><a href=\"https:\/\/www.facebook.com\/elenaradefministries\/\" target=\"_blank\" rel=\"noopener noreferrer\"><strong>Facebook side &gt;&gt;<\/strong><\/a><\/li>\n<li><a href=\"https:\/\/www.youtube.com\/channel\/UCscpcMTVhKsW-ZkkrQ8j02A\/videos\" target=\"_blank\" rel=\"noopener noreferrer\"><strong>Youtube kanal &gt;&gt;<\/strong><\/a><\/li>\n<li><a href=\"https:\/\/www.instagram.com\/elenaradefministry\/\" target=\"_blank\" rel=\"noopener noreferrer\"><strong>Instagram side &gt;&gt;<\/strong><\/a><\/li>\n<\/ul>\n<p><em>Gud velsigne dig<\/em><\/p>\n<\/div><\/section><br \/>\n\n<style type=\"text\/css\" data-created_by=\"avia_inline_auto\" id=\"style-css-av-v5kn-4e82d639c2f5220b05bf8f8980e4a4f2\">\n#top .hr.hr-invisible.av-v5kn-4e82d639c2f5220b05bf8f8980e4a4f2{\nmargin-top:-29px;\nheight:1px;\n}\n<\/style>\n<div  class='hr av-v5kn-4e82d639c2f5220b05bf8f8980e4a4f2 hr-invisible  avia-builder-el-6  el_after_av_textblock  avia-builder-el-last '><span class='hr-inner '><span class=\"hr-inner-style\"><\/span><\/span><\/div><\/p><\/div>\n","protected":false},"excerpt":{"rendered":"","protected":false},"author":2,"featured_media":0,"parent":0,"menu_order":0,"comment_status":"open","ping_status":"closed","template":"","meta":{"footnotes":""},"yoast_head":"<!-- This site is optimized with the Yoast SEO plugin v24.5 - https:\/\/yoast.com\/wordpress\/plugins\/seo\/ -->\n<title>Form\u00e5l - Elena Radef Ministries<\/title>\n<meta name=\"robots\" content=\"index, follow, max-snippet:-1, max-image-preview:large, max-video-preview:-1\" \/>\n<link rel=\"canonical\" href=\"https:\/\/elenaradef.org\/da\/formaal\/\" \/>\n<meta property=\"og:locale\" content=\"da_DK\" \/>\n<meta property=\"og:type\" content=\"article\" \/>\n<meta property=\"og:title\" content=\"Form\u00e5l - Elena Radef Ministries\" \/>\n<meta property=\"og:url\" content=\"https:\/\/elenaradef.org\/da\/formaal\/\" \/>\n<meta property=\"og:site_name\" content=\"Elena Radef Ministries\" \/>\n<meta property=\"article:publisher\" content=\"https:\/\/www.facebook.com\/elenaradefministries\" \/>\n<meta property=\"article:modified_time\" content=\"2023-08-07T14:32:45+00:00\" \/>\n<meta name=\"twitter:card\" content=\"summary_large_image\" \/>\n<meta name=\"twitter:label1\" content=\"Estimeret l\u00e6setid\" \/>\n\t<meta name=\"twitter:data1\" content=\"2 minutter\" \/>\n<script type=\"application\/ld+json\" class=\"yoast-schema-graph\">{\"@context\":\"https:\/\/schema.org\",\"@graph\":[{\"@type\":\"WebPage\",\"@id\":\"https:\/\/elenaradef.org\/da\/formaal\/\",\"url\":\"https:\/\/elenaradef.org\/da\/formaal\/\",\"name\":\"Form\u00e5l - Elena Radef Ministries\",\"isPartOf\":{\"@id\":\"https:\/\/elenaradef.org\/da\/#website\"},\"datePublished\":\"2015-07-30T18:59:25+00:00\",\"dateModified\":\"2023-08-07T14:32:45+00:00\",\"breadcrumb\":{\"@id\":\"https:\/\/elenaradef.org\/da\/formaal\/#breadcrumb\"},\"inLanguage\":\"da-DK\",\"potentialAction\":[{\"@type\":\"ReadAction\",\"target\":[\"https:\/\/elenaradef.org\/da\/formaal\/\"]}]},{\"@type\":\"BreadcrumbList\",\"@id\":\"https:\/\/elenaradef.org\/da\/formaal\/#breadcrumb\",\"itemListElement\":[{\"@type\":\"ListItem\",\"position\":1,\"name\":\"Home\",\"item\":\"https:\/\/elenaradef.org\/da\/velkommen\/\"},{\"@type\":\"ListItem\",\"position\":2,\"name\":\"Form\u00e5l\"}]},{\"@type\":\"WebSite\",\"@id\":\"https:\/\/elenaradef.org\/da\/#website\",\"url\":\"https:\/\/elenaradef.org\/da\/\",\"name\":\"Elena Radef Ministries\",\"description\":\"Teacher &amp; Evangelist\",\"potentialAction\":[{\"@type\":\"SearchAction\",\"target\":{\"@type\":\"EntryPoint\",\"urlTemplate\":\"https:\/\/elenaradef.org\/da\/?s={search_term_string}\"},\"query-input\":{\"@type\":\"PropertyValueSpecification\",\"valueRequired\":true,\"valueName\":\"search_term_string\"}}],\"inLanguage\":\"da-DK\"}]}<\/script>\n<!-- \/ Yoast SEO plugin. -->","yoast_head_json":{"title":"Form\u00e5l - Elena Radef Ministries","robots":{"index":"index","follow":"follow","max-snippet":"max-snippet:-1","max-image-preview":"max-image-preview:large","max-video-preview":"max-video-preview:-1"},"canonical":"https:\/\/elenaradef.org\/da\/formaal\/","og_locale":"da_DK","og_type":"article","og_title":"Form\u00e5l - Elena Radef Ministries","og_url":"https:\/\/elenaradef.org\/da\/formaal\/","og_site_name":"Elena Radef Ministries","article_publisher":"https:\/\/www.facebook.com\/elenaradefministries","article_modified_time":"2023-08-07T14:32:45+00:00","twitter_card":"summary_large_image","twitter_misc":{"Estimeret l\u00e6setid":"2 minutter"},"schema":{"@context":"https:\/\/schema.org","@graph":[{"@type":"WebPage","@id":"https:\/\/elenaradef.org\/da\/formaal\/","url":"https:\/\/elenaradef.org\/da\/formaal\/","name":"Form\u00e5l - Elena Radef Ministries","isPartOf":{"@id":"https:\/\/elenaradef.org\/da\/#website"},"datePublished":"2015-07-30T18:59:25+00:00","dateModified":"2023-08-07T14:32:45+00:00","breadcrumb":{"@id":"https:\/\/elenaradef.org\/da\/formaal\/#breadcrumb"},"inLanguage":"da-DK","potentialAction":[{"@type":"ReadAction","target":["https:\/\/elenaradef.org\/da\/formaal\/"]}]},{"@type":"BreadcrumbList","@id":"https:\/\/elenaradef.org\/da\/formaal\/#breadcrumb","itemListElement":[{"@type":"ListItem","position":1,"name":"Home","item":"https:\/\/elenaradef.org\/da\/velkommen\/"},{"@type":"ListItem","position":2,"name":"Form\u00e5l"}]},{"@type":"WebSite","@id":"https:\/\/elenaradef.org\/da\/#website","url":"https:\/\/elenaradef.org\/da\/","name":"Elena Radef Ministries","description":"Teacher &amp; Evangelist","potentialAction":[{"@type":"SearchAction","target":{"@type":"EntryPoint","urlTemplate":"https:\/\/elenaradef.org\/da\/?s={search_term_string}"},"query-input":{"@type":"PropertyValueSpecification","valueRequired":true,"valueName":"search_term_string"}}],"inLanguage":"da-DK"}]}},"_links":{"self":[{"href":"https:\/\/elenaradef.org\/da\/wp-json\/wp\/v2\/pages\/59"}],"collection":[{"href":"https:\/\/elenaradef.org\/da\/wp-json\/wp\/v2\/pages"}],"about":[{"href":"https:\/\/elenaradef.org\/da\/wp-json\/wp\/v2\/types\/page"}],"author":[{"embeddable":true,"href":"https:\/\/elenaradef.org\/da\/wp-json\/wp\/v2\/users\/2"}],"replies":[{"embeddable":true,"href":"https:\/\/elenaradef.org\/da\/wp-json\/wp\/v2\/comments?post=59"}],"version-history":[{"count":38,"href":"https:\/\/elenaradef.org\/da\/wp-json\/wp\/v2\/pages\/59\/revisions"}],"predecessor-version":[{"id":5299,"href":"https:\/\/elenaradef.org\/da\/wp-json\/wp\/v2\/pages\/59\/revisions\/5299"}],"wp:attachment":[{"href":"https:\/\/elenaradef.org\/da\/wp-json\/wp\/v2\/media?parent=59"}],"curies":[{"name":"wp","href":"https:\/\/api.w.org\/{rel}","templated":true}]}}