{"id":5356,"date":"2023-10-29T21:35:59","date_gmt":"2023-10-29T21:35:59","guid":{"rendered":"https:\/\/elenaradef.org\/?page_id=5356"},"modified":"2024-10-01T21:40:48","modified_gmt":"2024-10-01T21:40:48","slug":"events","status":"publish","type":"page","link":"https:\/\/elenaradef.org\/da\/events\/","title":{"rendered":"Events"},"content":{"rendered":"<div id='av_section_1'  class='avia-section av-3hysl8-51885259baad53c32e7365ba4b0fb71c main_color avia-section-default avia-no-border-styling  avia-builder-el-0  el_before_av_textblock  avia-builder-el-first  avia-bg-style-scroll container_wrap fullsize'  ><div class='container av-section-cont-open' ><main  role=\"main\" itemprop=\"mainContentOfPage\"  class='template-page content  av-content-full alpha units'><div class='post-entry post-entry-type-page post-entry-5356'><div class='entry-content-wrapper clearfix'>\n\n<style type=\"text\/css\" data-created_by=\"avia_inline_auto\" id=\"style-css-av-2obu3g-5fc61b03630b1b554326aaaed986652d\">\n.flex_column.av-2obu3g-5fc61b03630b1b554326aaaed986652d{\nborder-radius:0px 0px 0px 0px;\npadding:0px 0px 0px 0px;\n}\n<\/style>\n<div  class='flex_column av-2obu3g-5fc61b03630b1b554326aaaed986652d av_one_full  avia-builder-el-1  avia-builder-el-no-sibling  first flex_column_div av-zero-column-padding  '     ><style type=\"text\/css\" data-created_by=\"avia_inline_auto\" id=\"style-css-av-loc0fijv-02b1134f09852865e327c7560690defc\">\n#top .av-special-heading.av-loc0fijv-02b1134f09852865e327c7560690defc{\npadding-bottom:10px;\nfont-size:40px;\n}\nbody .av-special-heading.av-loc0fijv-02b1134f09852865e327c7560690defc .av-special-heading-tag .heading-char{\nfont-size:25px;\n}\n#top #wrap_all .av-special-heading.av-loc0fijv-02b1134f09852865e327c7560690defc .av-special-heading-tag{\nfont-size:40px;\n}\n.av-special-heading.av-loc0fijv-02b1134f09852865e327c7560690defc .av-subheading{\nfont-size:15px;\n}\n\n@media only screen and (min-width: 768px) and (max-width: 989px){ \n#top #wrap_all .av-special-heading.av-loc0fijv-02b1134f09852865e327c7560690defc .av-special-heading-tag{\nfont-size:40px;\n}\n}\n\n@media only screen and (min-width: 480px) and (max-width: 767px){ \n#top #wrap_all .av-special-heading.av-loc0fijv-02b1134f09852865e327c7560690defc .av-special-heading-tag{\nfont-size:0.8em;\n}\n}\n\n@media only screen and (max-width: 479px){ \n#top #wrap_all .av-special-heading.av-loc0fijv-02b1134f09852865e327c7560690defc .av-special-heading-tag{\nfont-size:0.8em;\n}\n}\n<\/style>\n<div  class='av-special-heading av-loc0fijv-02b1134f09852865e327c7560690defc av-special-heading-h3 blockquote modern-quote  avia-builder-el-2  avia-builder-el-no-sibling  av-inherit-size'><h3 class='av-special-heading-tag'  itemprop=\"headline\"  >SAMTALER OM TRO \u2013 Bodil J\u00f8rgensen<\/h3><div class=\"special-heading-border\"><div class=\"special-heading-inner-border\"><\/div><\/div><\/div><\/div>\n<\/div><\/div><\/main><!-- close content main element --><\/div><\/div><div id='after_section_1'  class='main_color av_default_container_wrap container_wrap fullsize'  ><div class='container av-section-cont-open' ><div class='template-page content  av-content-full alpha units'><div class='post-entry post-entry-type-page post-entry-5356'><div class='entry-content-wrapper clearfix'>\n<section  class='av_textblock_section av-loc08bu6-a57b4f24f15ff5bd50f75cc2891b839b '   itemscope=\"itemscope\" itemtype=\"https:\/\/schema.org\/CreativeWork\" ><div class='avia_textblock'  itemprop=\"text\" ><p><a href=\"https:\/\/www.place2book.com\/da\/sw2\/sales\/qj96h61mh1\" target=\"_blank\" rel=\"noopener\">\n<style type=\"text\/css\" data-created_by=\"avia_inline_auto\" id=\"style-css-av-3ljawm-bc14c9b5dbf6a3f597734c6d19371e7e\">\n.avia-image-container.av-3ljawm-bc14c9b5dbf6a3f597734c6d19371e7e img.avia_image{\nbox-shadow:none;\n}\n.avia-image-container.av-3ljawm-bc14c9b5dbf6a3f597734c6d19371e7e .av-image-caption-overlay-center{\ncolor:#ffffff;\n}\n<\/style>\n<div  class='avia-image-container av-3ljawm-bc14c9b5dbf6a3f597734c6d19371e7e av-styling- avia-align-right  avia-builder-el-4  avia-builder-el-no-sibling '   itemprop=\"image\" itemscope=\"itemscope\" itemtype=\"https:\/\/schema.org\/ImageObject\" ><div class=\"avia-image-container-inner\"><div class=\"avia-image-overlay-wrap\"><img decoding=\"async\" fetchpriority=\"high\" class='avia-img-lazy-loading-not- avia_image ' src=\"https:\/\/elenaradef.org\/wp-content\/uploads\/2024\/09\/Bodil-Jorgensen_smiling.jpg\" alt='' title=''   itemprop=\"thumbnailUrl\"  \/><\/div><\/div><\/div> <\/a><\/p>\n<h3 style=\"color: #7d3728;\">Man ved aldrig med i morgen<\/h3>\n<p><span class='av_dropcap1 av-av_dropcap1-3cd9da5fea0ef5fb27aee617571c39a3'>K<\/span>om til en aften i det varme selskab med den folkek\u00e6re skuespiller <strong style=\"color: #7d3728;\">Bodil J\u00f8rgensen<\/strong> onsdag den 2. oktober kl. 19.<\/p>\n<p><strong style=\"color: #7d3728;\">K\u00f8b billet her: <a href=\"https:\/\/billetto.dk\/e\/samtaler-om-tro-med-bodil-jorgensen-billetter-1082760\" target=\"_blank\" rel=\"noopener\">https:\/\/billetto.dk\/<\/a><\/strong><\/p>\n<p>Bodil deler ud af sine mange \u00e5rs erfaringer om <strong style=\"color: #7d3728;\">tro, h\u00e5b, tvivl, tilgivelse<\/strong> og<strong style=\"color: #7d3728;\"> k\u00e6rlighed<\/strong>. S\u00e6rligt i forbindelse med hendes ulykke under optagelserne til en \u201cFar til fire\u201d-film, blev der sat sp\u00f8rgsm\u00e5lstegn ved alt i hendes liv.<\/p>\n<p>Mens hun l\u00e5 i hospitalssengen fandt hun ud af, at der er \u201ctr\u00f8st i m\u00f8rket\u201d, at Gud er med i m\u00f8rket, men oplevede ogs\u00e5 at f\u00e5 \u201clivet igen\u201d efter t\u00e6t kontakt med d\u00f8den. En r\u00e6kke voldsomme tilbagevendende syn satte for alvor gang i disse tanker.<\/p>\n<p>\u2013 <em>\u201cHvis man skulle takke solen for at st\u00e5 op hver dag, ville det m\u00e5ske tage toppen af ens selvh\u00f8jtidelighed\u201d<\/em>.<\/p>\n<p><strong style=\"color: #7d3728;\">Hvorfor er taknemmelighed vigtig?<\/strong><br \/>\n<strong style=\"color: #7d3728;\">Hvorfor er tro vigtig?<\/strong><\/p>\n<p>Bodil har tre gange i sit liv haft t\u00e6t kontakt med d\u00f8den. Dette har givet dybere eftert\u00e6nksomhed til at t\u00e6nke over hvad identitet er, men ogs\u00e5 sk\u00e6rpet hendes forhold til Gud.<\/p>\n<p>\u2013 <em>\u201cVi er blevet meget ensomme i vores eget liv. Mange, is\u00e6r unge mennsker, kigger panisk ned i deres telefoner hele tiden for at finde ud af, hvem de er\u201d<\/em>.<\/p>\n<p><strong style=\"color: #7d3728;\">Hvordan h\u00e6nger ensomhed og manglende identitet sammen?<\/strong><br \/>\n<strong style=\"color: #7d3728;\">Hvorfor er identitet vigtig?<\/strong><\/p>\n<p><em>Frygt ikke, tro kun<\/em> \u2013 ord taget fra Markus 5:36 er nogle dybsindige ord, som Bodil har taget med sig fra sin far, som var troens mand.<\/p>\n<p>Alt dette og meget mere vil vi komme omkring i l\u00f8bet af aftenen.<\/p>\n<h3 style=\"color: #7d3728;\">Om Bodil J\u00f8rgensen<\/h3>\n<p><span class='av_dropcap1 av-av_dropcap1-3cd9da5fea0ef5fb27aee617571c39a3'>U<\/span>nder sine studier i engelsk litteratur p\u00e5 Aarhus Universitet begyndte hun en uddannelse til skuespiller, som hun siden afsluttede fra Statens Teaterskole i 1990.<\/p>\n<p>Bodil J\u00f8rgensen har bl.a. v\u00e6ret engageret p\u00e5 Jomfru Ane Teatret, Betty Nansen Teatret, Folketeatret, fastansat p\u00e5 Det Kongelige Teater 1996 \u2013 2013.<\/p>\n<p>Efterf\u00f8lgende har Bodil J\u00f8rgensen igen v\u00e6ret engageret p\u00e5 Betty Nansen Teatret samt spillet Tivoli Revyen \u201dTam Tam\u201d i flere s\u00e6soner.<\/p>\n<p>Derudover har Bodil J\u00f8rgensen haft markante roller p\u00e5 film og i TV-serier, s\u00e5som:<br \/>\n<em>Strisser fra Sams\u00f8, Langt fra Las Vegas, Kr\u00f8niken, L\u00e6rkevej, Rytteriet, Badehotellet, Jul med Trines mor, Idioterne, Klinkevals,<br \/>\nAt klappe med een h\u00e5nd, De gr\u00f8nne slagtere, Hvidsten Gruppen, Den skaldede fris\u00f8r, All inclusive, Kollision, De forbandede \u00e5r<\/em>.<\/p>\n<p>Listen af h\u00e6dersbevisninger er ligeledes lang, for at n\u00e6vne nogle er f\u00f8lgende:<br \/>\n<em>1999 &#8211; Robert og Bodil for bedste kvindelige hovedrolle for Idioterne<\/em><br \/>\n<em>2010 &#8211; Ridder af Dannebrog<\/em><br \/>\n<em>2011 &#8211; Robert for bedste kvindelige birolle for Smukke mennesker<\/em><br \/>\n<em>2013 &#8211; Robert for bedste kvindelige hovedrolle for Hvidsten gruppen<\/em><br \/>\n<em>2015 &#8211; Robert for bedste kvindelige hovedrolle for All inclusive<\/em><br \/>\n<em>2017 &#8211; Robert for \u00e5rets kvindelige birolle &#8211; tv serie for Rytteries jul<\/em><\/p>\n<h3 style=\"color: #7d3728;\">K\u00f8b billet her:<\/h3>\n<p><a href=\"https:\/\/billetto.dk\/e\/samtaler-om-tro-med-bodil-jorgensen-billetter-1082760\" target=\"_blank\" rel=\"noopener\"><strong>https:\/\/billetto.dk\/<\/strong><\/a><\/p>\n<p>OBS! Begr\u00e6nset antal billetter!<\/p>\n<h3 style=\"color: #7d3728;\">Tid:<\/h3>\n<p>2. oktober kl. 19:00-21:00<\/p>\n<p>Efterf\u00f8lgende kaffe, te og snacks<\/p>\n<h3 style=\"color: #7d3728;\">Sted:<\/h3>\n<p>J\u00e6gersborg All\u00e9 93<br \/>\nBernstorffs Slot<br \/>\nKavalerg\u00e5rden, Vognporten<br \/>\n2820 Gentofte<\/p>\n<p><em>Fotograf: Les Kaner<\/em><\/p>\n<\/div><\/section>\n","protected":false},"excerpt":{"rendered":"","protected":false},"author":3,"featured_media":0,"parent":0,"menu_order":0,"comment_status":"closed","ping_status":"closed","template":"","meta":{"footnotes":""},"yoast_head":"<!-- This site is optimized with the Yoast SEO plugin v24.5 - https:\/\/yoast.com\/wordpress\/plugins\/seo\/ -->\n<title>Events - Elena Radef Ministries<\/title>\n<meta name=\"robots\" content=\"index, follow, max-snippet:-1, max-image-preview:large, max-video-preview:-1\" \/>\n<link rel=\"canonical\" href=\"https:\/\/elenaradef.org\/da\/events\/\" \/>\n<meta property=\"og:locale\" content=\"da_DK\" \/>\n<meta property=\"og:type\" content=\"article\" \/>\n<meta property=\"og:title\" content=\"Events - Elena Radef Ministries\" \/>\n<meta property=\"og:url\" content=\"https:\/\/elenaradef.org\/da\/events\/\" \/>\n<meta property=\"og:site_name\" content=\"Elena Radef Ministries\" \/>\n<meta property=\"article:publisher\" content=\"https:\/\/www.facebook.com\/elenaradefministries\" \/>\n<meta property=\"article:modified_time\" content=\"2024-10-01T21:40:48+00:00\" \/>\n<meta name=\"twitter:card\" content=\"summary_large_image\" \/>\n<meta name=\"twitter:label1\" content=\"Estimeret l\u00e6setid\" \/>\n\t<meta name=\"twitter:data1\" content=\"3 minutter\" \/>\n<script type=\"application\/ld+json\" class=\"yoast-schema-graph\">{\"@context\":\"https:\/\/schema.org\",\"@graph\":[{\"@type\":\"WebPage\",\"@id\":\"https:\/\/elenaradef.org\/da\/events\/\",\"url\":\"https:\/\/elenaradef.org\/da\/events\/\",\"name\":\"Events - Elena Radef Ministries\",\"isPartOf\":{\"@id\":\"https:\/\/elenaradef.org\/da\/#website\"},\"datePublished\":\"2023-10-29T21:35:59+00:00\",\"dateModified\":\"2024-10-01T21:40:48+00:00\",\"breadcrumb\":{\"@id\":\"https:\/\/elenaradef.org\/da\/events\/#breadcrumb\"},\"inLanguage\":\"da-DK\",\"potentialAction\":[{\"@type\":\"ReadAction\",\"target\":[\"https:\/\/elenaradef.org\/da\/events\/\"]}]},{\"@type\":\"BreadcrumbList\",\"@id\":\"https:\/\/elenaradef.org\/da\/events\/#breadcrumb\",\"itemListElement\":[{\"@type\":\"ListItem\",\"position\":1,\"name\":\"Home\",\"item\":\"https:\/\/elenaradef.org\/da\/velkommen\/\"},{\"@type\":\"ListItem\",\"position\":2,\"name\":\"Events\"}]},{\"@type\":\"WebSite\",\"@id\":\"https:\/\/elenaradef.org\/da\/#website\",\"url\":\"https:\/\/elenaradef.org\/da\/\",\"name\":\"Elena Radef Ministries\",\"description\":\"Teacher &amp; Evangelist\",\"potentialAction\":[{\"@type\":\"SearchAction\",\"target\":{\"@type\":\"EntryPoint\",\"urlTemplate\":\"https:\/\/elenaradef.org\/da\/?s={search_term_string}\"},\"query-input\":{\"@type\":\"PropertyValueSpecification\",\"valueRequired\":true,\"valueName\":\"search_term_string\"}}],\"inLanguage\":\"da-DK\"}]}<\/script>\n<!-- \/ Yoast SEO plugin. -->","yoast_head_json":{"title":"Events - Elena Radef Ministries","robots":{"index":"index","follow":"follow","max-snippet":"max-snippet:-1","max-image-preview":"max-image-preview:large","max-video-preview":"max-video-preview:-1"},"canonical":"https:\/\/elenaradef.org\/da\/events\/","og_locale":"da_DK","og_type":"article","og_title":"Events - Elena Radef Ministries","og_url":"https:\/\/elenaradef.org\/da\/events\/","og_site_name":"Elena Radef Ministries","article_publisher":"https:\/\/www.facebook.com\/elenaradefministries","article_modified_time":"2024-10-01T21:40:48+00:00","twitter_card":"summary_large_image","twitter_misc":{"Estimeret l\u00e6setid":"3 minutter"},"schema":{"@context":"https:\/\/schema.org","@graph":[{"@type":"WebPage","@id":"https:\/\/elenaradef.org\/da\/events\/","url":"https:\/\/elenaradef.org\/da\/events\/","name":"Events - Elena Radef Ministries","isPartOf":{"@id":"https:\/\/elenaradef.org\/da\/#website"},"datePublished":"2023-10-29T21:35:59+00:00","dateModified":"2024-10-01T21:40:48+00:00","breadcrumb":{"@id":"https:\/\/elenaradef.org\/da\/events\/#breadcrumb"},"inLanguage":"da-DK","potentialAction":[{"@type":"ReadAction","target":["https:\/\/elenaradef.org\/da\/events\/"]}]},{"@type":"BreadcrumbList","@id":"https:\/\/elenaradef.org\/da\/events\/#breadcrumb","itemListElement":[{"@type":"ListItem","position":1,"name":"Home","item":"https:\/\/elenaradef.org\/da\/velkommen\/"},{"@type":"ListItem","position":2,"name":"Events"}]},{"@type":"WebSite","@id":"https:\/\/elenaradef.org\/da\/#website","url":"https:\/\/elenaradef.org\/da\/","name":"Elena Radef Ministries","description":"Teacher &amp; Evangelist","potentialAction":[{"@type":"SearchAction","target":{"@type":"EntryPoint","urlTemplate":"https:\/\/elenaradef.org\/da\/?s={search_term_string}"},"query-input":{"@type":"PropertyValueSpecification","valueRequired":true,"valueName":"search_term_string"}}],"inLanguage":"da-DK"}]}},"_links":{"self":[{"href":"https:\/\/elenaradef.org\/da\/wp-json\/wp\/v2\/pages\/5356"}],"collection":[{"href":"https:\/\/elenaradef.org\/da\/wp-json\/wp\/v2\/pages"}],"about":[{"href":"https:\/\/elenaradef.org\/da\/wp-json\/wp\/v2\/types\/page"}],"author":[{"embeddable":true,"href":"https:\/\/elenaradef.org\/da\/wp-json\/wp\/v2\/users\/3"}],"replies":[{"embeddable":true,"href":"https:\/\/elenaradef.org\/da\/wp-json\/wp\/v2\/comments?post=5356"}],"version-history":[{"count":35,"href":"https:\/\/elenaradef.org\/da\/wp-json\/wp\/v2\/pages\/5356\/revisions"}],"predecessor-version":[{"id":5614,"href":"https:\/\/elenaradef.org\/da\/wp-json\/wp\/v2\/pages\/5356\/revisions\/5614"}],"wp:attachment":[{"href":"https:\/\/elenaradef.org\/da\/wp-json\/wp\/v2\/media?parent=5356"}],"curies":[{"name":"wp","href":"https:\/\/api.w.org\/{rel}","templated":true}]}}