{"id":173,"date":"2015-07-30T22:22:43","date_gmt":"2015-07-30T22:22:43","guid":{"rendered":"http:\/\/elenaradef.com\/da\/?page_id=173"},"modified":"2026-03-12T21:57:55","modified_gmt":"2026-03-12T21:57:55","slug":"medier","status":"publish","type":"page","link":"https:\/\/elenaradef.org\/da\/medier\/","title":{"rendered":"Pr\u00e6dikener"},"content":{"rendered":"<div id='av_section_1'  class='avia-section av-2of73h-41b1142442f9bb252b5e4e976afbe2fe main_color avia-section-default avia-no-shadow  avia-builder-el-0  el_before_av_section  avia-builder-el-first  avia-bg-style-scroll container_wrap fullsize'  ><div class='container av-section-cont-open' ><main  role=\"main\" itemprop=\"mainContentOfPage\"  class='template-page content  av-content-full alpha units'><div class='post-entry post-entry-type-page post-entry-173'><div class='entry-content-wrapper clearfix'>\n\n<style type=\"text\/css\" data-created_by=\"avia_inline_auto\" id=\"style-css-av-9b0bh-b4add41fbc398c844e0021d8bd064576\">\n.flex_column.av-9b0bh-b4add41fbc398c844e0021d8bd064576{\nborder-radius:0px 0px 0px 0px;\npadding:0px 0px 0px 0px;\n}\n<\/style>\n<div  class='flex_column av-9b0bh-b4add41fbc398c844e0021d8bd064576 av_one_full  avia-builder-el-1  avia-builder-el-no-sibling  first flex_column_div av-zero-column-padding  '     ><p>\n<style type=\"text\/css\" data-created_by=\"avia_inline_auto\" id=\"style-css-av-ll0o7i6f-42f05bd3532873ce1ebe494b12db880d\">\n#top .av-special-heading.av-ll0o7i6f-42f05bd3532873ce1ebe494b12db880d{\npadding-bottom:10px;\nfont-size:40px;\n}\nbody .av-special-heading.av-ll0o7i6f-42f05bd3532873ce1ebe494b12db880d .av-special-heading-tag .heading-char{\nfont-size:25px;\n}\n#top #wrap_all .av-special-heading.av-ll0o7i6f-42f05bd3532873ce1ebe494b12db880d .av-special-heading-tag{\nfont-size:40px;\n}\n.av-special-heading.av-ll0o7i6f-42f05bd3532873ce1ebe494b12db880d .av-subheading{\nfont-size:15px;\n}\n\n@media only screen and (min-width: 480px) and (max-width: 767px){ \n#top #wrap_all .av-special-heading.av-ll0o7i6f-42f05bd3532873ce1ebe494b12db880d .av-special-heading-tag{\nfont-size:0.8em;\n}\n}\n\n@media only screen and (max-width: 479px){ \n#top #wrap_all .av-special-heading.av-ll0o7i6f-42f05bd3532873ce1ebe494b12db880d .av-special-heading-tag{\nfont-size:0.8em;\n}\n}\n<\/style>\n<div  class='av-special-heading av-ll0o7i6f-42f05bd3532873ce1ebe494b12db880d av-special-heading-h3 blockquote modern-quote  avia-builder-el-2  el_before_av_textblock  avia-builder-el-first  av-inherit-size'><div class='av-subheading av-subheading_above'><p>Lyt og bliv inspireret (engelsk)<\/p>\n<\/div><h3 class='av-special-heading-tag'  itemprop=\"headline\"  >Taler om livet<\/h3><div class=\"special-heading-border\"><div class=\"special-heading-inner-border\"><\/div><\/div><\/div><br \/>\n<section  class='av_textblock_section av-k9vcr8m2-f6d6aa8066df2d03cbdae76892fa5b99 '   itemscope=\"itemscope\" itemtype=\"https:\/\/schema.org\/CreativeWork\" ><div class='avia_textblock'  itemprop=\"text\" ><p>Her kan du lytte til pr\u00e6dikener og undervisning (p\u00e5 engelsk). Find flere p\u00e5 Elena Radef Ministries&#8217; <strong><a href=\"https:\/\/www.youtube.com\/channel\/UCscpcMTVhKsW-ZkkrQ8j02A\/videos\" target=\"_blank\" rel=\"noopener noreferrer\">Youtube-kanal<\/a><a href=\"https:\/\/www.youtube.com\/channel\/UCscpcMTVhKsW-ZkkrQ8j02A\/videos\" target=\"_blank\" rel=\"noopener noreferrer\"> &gt;&gt;<\/a><\/strong><\/p>\n<\/div><\/section><\/p><\/div>\n\n<\/div><\/div><\/main><!-- close content main element --><\/div><\/div>\n<style type=\"text\/css\" data-created_by=\"avia_inline_auto\" id=\"style-css-av-277igd-9431e93b217f813319498347f7b072e2\">\n.avia-section.av-277igd-9431e93b217f813319498347f7b072e2{\nbackground-color:#e2e2e2;\nbackground-image:unset;\n}\n<\/style>\n<div id='av_section_2'  class='avia-section av-277igd-9431e93b217f813319498347f7b072e2 main_color avia-section-default avia-no-shadow  avia-builder-el-4  el_after_av_section  el_before_av_section  avia-bg-style-scroll container_wrap fullsize'  ><div class='container av-section-cont-open' ><div class='template-page content  av-content-full alpha units'><div class='post-entry post-entry-type-page post-entry-173'><div class='entry-content-wrapper clearfix'>\n<div  class='flex_column av-1arqbx-84c84c7565fa5ccc92d019cb4fec104a av_two_third  avia-builder-el-5  el_before_av_one_third  avia-builder-el-first  first flex_column_div  '     ><div  class='avia-video av-mkzvwhq1-1e9c9f36151f28d0deee162f642c94a1 avia-video-16-9 av-no-preview-image avia-video-load-always av-lazyload-immediate av-lazyload-video-embed'  itemprop=\"video\" itemtype=\"https:\/\/schema.org\/VideoObject\"  data-original_url='https:\/\/www.youtube.com\/watch?v=nyYPwoWs2Qc&amp;list=PLT853hcDT5pEqNKCW0J_OpN4gzNqnl9tk'><script type='text\/html' class='av-video-tmpl'><div class='avia-iframe-wrap'><iframe loading=\"lazy\" title=\"Noget st\u00f8rre end sig selv   Elena Radef Del 1\" width=\"1500\" height=\"844\" src=\"https:\/\/www.youtube.com\/embed\/nyYPwoWs2Qc?list=PLT853hcDT5pEqNKCW0J_OpN4gzNqnl9tk&autoplay=0&loop=0&controls=1&mute=0\" frameborder=\"0\" allow=\"accelerometer; autoplay; clipboard-write; encrypted-media; gyroscope; picture-in-picture; web-share\" referrerpolicy=\"strict-origin-when-cross-origin\" allowfullscreen><\/iframe><\/div><\/script><div class='av-click-to-play-overlay'><div class=\"avia_playpause_icon\"><\/div><\/div><\/div><\/div><div  class='flex_column av-15dlwl-e10910e43d96555e4a98dad366976472 av_one_third  avia-builder-el-7  el_after_av_two_third  avia-builder-el-last  flex_column_div  '     ><section  class='av_textblock_section av-mkzvvx6c-569aac53c5fb42b50932bc1e5d9ee0e8 '   itemscope=\"itemscope\" itemtype=\"https:\/\/schema.org\/CreativeWork\" ><div class='avia_textblock'  itemprop=\"text\" ><h1>Podcasts: &#8220;Noget st\u00f8rre end sig selv&#8221;<\/h1>\n<h3>Lyt til Elena&#8217;s danske podcast serie, der hun taler om emner som k\u00e6rlighed, tro og h\u00e5b.<\/h3>\n<h3>I denne playliste finder du ogs\u00e5 et radio interview med Elena, der ligeledes foreg\u00e5r p\u00e5 dansk<\/h3>\n<h3>Her kan du l\u00e6re mere om hendes vandring med Herren og hendes vidnesbyrd.<\/h3>\n<\/div><\/section><\/div><\/div><\/div><\/div><!-- close content main div --><\/div><\/div>\n<style type=\"text\/css\" data-created_by=\"avia_inline_auto\" id=\"style-css-av-w9179-1173671ea749199b76b69284d7089ce4\">\n.avia-section.av-w9179-1173671ea749199b76b69284d7089ce4{\nbackground-color:#ffffff;\nbackground-image:unset;\n}\n<\/style>\n<div id='av_section_3'  class='avia-section av-w9179-1173671ea749199b76b69284d7089ce4 main_color avia-section-default avia-no-shadow  avia-builder-el-9  el_after_av_section  el_before_av_section  avia-bg-style-scroll container_wrap fullsize'  ><div class='container av-section-cont-open' ><div class='template-page content  av-content-full alpha units'><div class='post-entry post-entry-type-page post-entry-173'><div class='entry-content-wrapper clearfix'>\n\n<style type=\"text\/css\" data-created_by=\"avia_inline_auto\" id=\"style-css-av-qs93h-3a52d45a510986552036517bf2c03b29\">\n.flex_column.av-qs93h-3a52d45a510986552036517bf2c03b29{\nborder-radius:0px 0px 0px 0px;\npadding:0px 0px 0px 0px;\n}\n<\/style>\n<div  class='flex_column av-qs93h-3a52d45a510986552036517bf2c03b29 av_one_third  avia-builder-el-10  el_before_av_two_third  avia-builder-el-first  first flex_column_div av-zero-column-padding  '     ><section  class='av_textblock_section av-lib4t-5205d5e869796374cf776661467fbabe '   itemscope=\"itemscope\" itemtype=\"https:\/\/schema.org\/CreativeWork\" ><div class='avia_textblock'  itemprop=\"text\" ><h1>About prayer<\/h1>\n<ul>\n<li>\n<h3>In the Name of Jesus \u2013 <strong>PART 1<\/strong><\/h3>\n<\/li>\n<li>\n<h3>How to pray! What are the steps in prayer \u2013 <strong>PART 2<\/strong><\/h3>\n<\/li>\n<li>\n<h3>What are we praying against when we are interceding? &#8216;Get justice for me from my adversary&#8217; \u2013 <strong>PART 3<\/strong><\/h3>\n<\/li>\n<li>\n<h3>The intimacy of prayer, how it unfolds \u2013 <strong>PART 4<\/strong><\/h3>\n<\/li>\n<li>\n<h3>About prayer \u2013 <strong>PART 5<\/strong><\/h3>\n<\/li>\n<\/ul>\n<\/div><\/section><\/div>\n<style type=\"text\/css\" data-created_by=\"avia_inline_auto\" id=\"style-css-av-h0fz1-cbf9b3c00a689b80ed57e0f764920d1b\">\n.flex_column.av-h0fz1-cbf9b3c00a689b80ed57e0f764920d1b{\nborder-radius:0px 0px 0px 0px;\npadding:0px 0px 0px 0px;\n}\n<\/style>\n<div  class='flex_column av-h0fz1-cbf9b3c00a689b80ed57e0f764920d1b av_two_third  avia-builder-el-12  el_after_av_one_third  avia-builder-el-last  flex_column_div av-zero-column-padding  '     ><div  class='avia-video av-8rtqd-8635ecd8e7203c8b6f6ed78afdd7ca3a avia-video-16-9 av-no-preview-image avia-video-load-always av-lazyload-immediate av-lazyload-video-embed'  itemprop=\"video\" itemtype=\"https:\/\/schema.org\/VideoObject\"  data-original_url='https:\/\/www.youtube.com\/playlist?list=PLT853hcDT5pEkbOwQw5VPRotF_BWvXskP'><script type='text\/html' class='av-video-tmpl'><div class='avia-iframe-wrap'><iframe loading=\"lazy\" title=\"About prayer\" width=\"1500\" height=\"844\" src=\"https:\/\/www.youtube.com\/embed\/videoseries?list=PLT853hcDT5pEkbOwQw5VPRotF_BWvXskP&autoplay=0&loop=0&controls=1&mute=0\" frameborder=\"0\" allow=\"accelerometer; autoplay; clipboard-write; encrypted-media; gyroscope; picture-in-picture; web-share\" referrerpolicy=\"strict-origin-when-cross-origin\" allowfullscreen><\/iframe><\/div><\/script><div class='av-click-to-play-overlay'><div class=\"avia_playpause_icon\"><\/div><\/div><\/div><\/div>\n<\/p>\n<\/div><\/div><\/div><!-- close content main div --><\/div><\/div>\n<style type=\"text\/css\" data-created_by=\"avia_inline_auto\" id=\"style-css-av-1dh94t-276fb38fd6523ec130c7bf36f7494b42\">\n.avia-section.av-1dh94t-276fb38fd6523ec130c7bf36f7494b42{\nbackground-color:#e2e2e2;\nbackground-image:unset;\n}\n<\/style>\n<div id='av_section_4'  class='avia-section av-1dh94t-276fb38fd6523ec130c7bf36f7494b42 main_color avia-section-default avia-no-shadow  avia-builder-el-14  el_after_av_section  el_before_av_section  avia-bg-style-scroll container_wrap fullsize'  ><div class='container av-section-cont-open' ><div class='template-page content  av-content-full alpha units'><div class='post-entry post-entry-type-page post-entry-173'><div class='entry-content-wrapper clearfix'>\n\n<style type=\"text\/css\" data-created_by=\"avia_inline_auto\" id=\"style-css-av-1bcsth-c979e0b4481e5a8dc075fa068f3a9a18\">\n.flex_column.av-1bcsth-c979e0b4481e5a8dc075fa068f3a9a18{\nborder-radius:0px 0px 0px 0px;\npadding:0px 0px 0px 0px;\n}\n<\/style>\n<div  class='flex_column av-1bcsth-c979e0b4481e5a8dc075fa068f3a9a18 av_two_third  avia-builder-el-15  el_before_av_one_third  avia-builder-el-first  first flex_column_div av-zero-column-padding  '     ><div  class='avia-video av-11r88d-8c065eec392edc74b042fd69a72e3588 avia-video-16-9 av-no-preview-image avia-video-load-always av-lazyload-immediate av-lazyload-video-embed'  itemprop=\"video\" itemtype=\"https:\/\/schema.org\/VideoObject\"  data-original_url='https:\/\/youtu.be\/PEXGPnIRi2I'><script type='text\/html' class='av-video-tmpl'><div class='avia-iframe-wrap'><iframe loading=\"lazy\" title=\"Elena Radef \/\/ Peace I leave with you\" width=\"1500\" height=\"844\" src=\"https:\/\/www.youtube.com\/embed\/PEXGPnIRi2I?feature=oembed&autoplay=0&loop=0&controls=1&mute=0\" frameborder=\"0\" allow=\"accelerometer; autoplay; clipboard-write; encrypted-media; gyroscope; picture-in-picture\" allowfullscreen><\/iframe><\/div><\/script><div class='av-click-to-play-overlay'><div class=\"avia_playpause_icon\"><\/div><\/div><\/div><\/div>\n<style type=\"text\/css\" data-created_by=\"avia_inline_auto\" id=\"style-css-av-38vp1-992e6476e12452c3f428a310446e1490\">\n.flex_column.av-38vp1-992e6476e12452c3f428a310446e1490{\nborder-radius:0px 0px 0px 0px;\npadding:0px 0px 0px 0px;\n}\n<\/style>\n<div  class='flex_column av-38vp1-992e6476e12452c3f428a310446e1490 av_one_third  avia-builder-el-17  el_after_av_two_third  avia-builder-el-last  flex_column_div av-zero-column-padding  '     ><section  class='av_textblock_section av-r4hol-eb270ceed07c0ba74ba00b100ee1dec4 '   itemscope=\"itemscope\" itemtype=\"https:\/\/schema.org\/CreativeWork\" ><div class='avia_textblock'  itemprop=\"text\" ><h1 class=\"title style-scope ytd-video-primary-info-renderer\">Peace I leave with you<\/h1>\n<h3>In order to handle shaking<\/h3>\n<p><span class=\"style-scope yt-formatted-string\" dir=\"auto\">One needs a peace that is greater than the shaking! There is only one peace that is greater than all shaking that could ever take place, and that is the peace of Christ. He is also known as the Prince of Peace. I am going to talk about that. <\/span><\/p>\n<h3><span class=\"style-scope yt-formatted-string\" dir=\"auto\">Bible readings <\/span><\/h3>\n<p><span class=\"style-scope yt-formatted-string\" dir=\"auto\">Isaiah <\/span><a class=\"yt-simple-endpoint style-scope yt-formatted-string\" dir=\"auto\" spellcheck=\"false\" href=\"https:\/\/www.youtube.com\/watch?v=PEXGPnIRi2I&amp;t=733s\">12:13,<\/a><span class=\"style-scope yt-formatted-string\" dir=\"auto\"> Matthew <\/span><a class=\"yt-simple-endpoint style-scope yt-formatted-string\" dir=\"auto\" spellcheck=\"false\" href=\"https:\/\/www.youtube.com\/watch?v=PEXGPnIRi2I&amp;t=1463s\">24:23<\/a><span class=\"style-scope yt-formatted-string\" dir=\"auto\">-, John <\/span><a class=\"yt-simple-endpoint style-scope yt-formatted-string\" dir=\"auto\" spellcheck=\"false\" href=\"https:\/\/www.youtube.com\/watch?v=PEXGPnIRi2I&amp;t=139s\">2:19,<\/a><span class=\"style-scope yt-formatted-string\" dir=\"auto\"> Mark 13:1-, Leviticus 26:6-, Numbers <\/span><a class=\"yt-simple-endpoint style-scope yt-formatted-string\" dir=\"auto\" spellcheck=\"false\" href=\"https:\/\/www.youtube.com\/watch?v=PEXGPnIRi2I&amp;t=384s\">6:24,<\/a><span class=\"style-scope yt-formatted-string\" dir=\"auto\"> 2 Peter <\/span><a class=\"yt-simple-endpoint style-scope yt-formatted-string\" dir=\"auto\" spellcheck=\"false\" href=\"https:\/\/www.youtube.com\/watch?v=PEXGPnIRi2I&amp;t=192s\">3:12<\/a><span class=\"style-scope yt-formatted-string\" dir=\"auto\">-, 1 Peter <\/span><a class=\"yt-simple-endpoint style-scope yt-formatted-string\" dir=\"auto\" spellcheck=\"false\" href=\"https:\/\/www.youtube.com\/watch?v=PEXGPnIRi2I&amp;t=190s\">3:10<\/a><span class=\"style-scope yt-formatted-string\" dir=\"auto\">-, Romans <\/span><a class=\"yt-simple-endpoint style-scope yt-formatted-string\" dir=\"auto\" spellcheck=\"false\" href=\"https:\/\/www.youtube.com\/watch?v=PEXGPnIRi2I&amp;t=857s\">14:17<\/a>,<span class=\"style-scope yt-formatted-string\" dir=\"auto\"> Revelation <\/span><a class=\"yt-simple-endpoint style-scope yt-formatted-string\" dir=\"auto\" spellcheck=\"false\" href=\"https:\/\/www.youtube.com\/watch?v=PEXGPnIRi2I&amp;t=851s\">14:11<\/a><\/p>\n<h3><span class=\"style-scope yt-formatted-string\" dir=\"auto\">Scriptures referred to <\/span><\/h3>\n<p><span class=\"style-scope yt-formatted-string\" dir=\"auto\">Isaiah 9:6, John <\/span><a class=\"yt-simple-endpoint style-scope yt-formatted-string\" dir=\"auto\" spellcheck=\"false\" href=\"https:\/\/www.youtube.com\/watch?v=PEXGPnIRi2I&amp;t=867s\">14:27,<\/a><span class=\"style-scope yt-formatted-string\" dir=\"auto\"> Mark <\/span><a class=\"yt-simple-endpoint style-scope yt-formatted-string\" dir=\"auto\" spellcheck=\"false\" href=\"https:\/\/www.youtube.com\/watch?v=PEXGPnIRi2I&amp;t=275s\">4:35<\/a><span class=\"style-scope yt-formatted-string\" dir=\"auto\">-41\/Matthew <\/span><a class=\"yt-simple-endpoint style-scope yt-formatted-string\" dir=\"auto\" spellcheck=\"false\" href=\"https:\/\/www.youtube.com\/watch?v=PEXGPnIRi2I&amp;t=503s\">8:23<\/a><span class=\"style-scope yt-formatted-string\" dir=\"auto\">-27\/Luke 8: 22-25, Joel <\/span><a class=\"yt-simple-endpoint style-scope yt-formatted-string\" dir=\"auto\" spellcheck=\"false\" href=\"https:\/\/www.youtube.com\/watch?v=PEXGPnIRi2I&amp;t=145s\">2:25<\/a>,<span class=\"style-scope yt-formatted-string\" dir=\"auto\"> Acts <\/span><a class=\"yt-simple-endpoint style-scope yt-formatted-string\" dir=\"auto\" spellcheck=\"false\" href=\"https:\/\/www.youtube.com\/watch?v=PEXGPnIRi2I&amp;t=976s\">16:16<\/a><span class=\"style-scope yt-formatted-string\" dir=\"auto\">-40, 1 Peter <\/span><a class=\"yt-simple-endpoint style-scope yt-formatted-string\" dir=\"auto\" spellcheck=\"false\" href=\"https:\/\/www.youtube.com\/watch?v=PEXGPnIRi2I&amp;t=310s\">5:10<\/a><\/p>\n<\/div><\/section><\/div>\n\n<\/div><\/div><\/div><!-- close content main div --><\/div><\/div>\n<style type=\"text\/css\" data-created_by=\"avia_inline_auto\" id=\"style-css-av-2bwyt-7d3e2a843e8b891eeb4f09554fddfcd2\">\n.avia-section.av-2bwyt-7d3e2a843e8b891eeb4f09554fddfcd2{\nbackground-color:#ffffff;\nbackground-image:unset;\n}\n<\/style>\n<div id='av_section_5'  class='avia-section av-2bwyt-7d3e2a843e8b891eeb4f09554fddfcd2 main_color avia-section-default avia-no-shadow  avia-builder-el-19  el_after_av_section  avia-builder-el-last  avia-bg-style-scroll container_wrap fullsize'  ><div class='container av-section-cont-open' ><div class='template-page content  av-content-full alpha units'><div class='post-entry post-entry-type-page post-entry-173'><div class='entry-content-wrapper clearfix'>\n\n<style type=\"text\/css\" data-created_by=\"avia_inline_auto\" id=\"style-css-av-fg81x-6a77d15ba07000e0e2dd44109f5fd9d4\">\n.flex_column.av-fg81x-6a77d15ba07000e0e2dd44109f5fd9d4{\nborder-radius:0px 0px 0px 0px;\npadding:0px 0px 0px 0px;\n}\n<\/style>\n<div  class='flex_column av-fg81x-6a77d15ba07000e0e2dd44109f5fd9d4 av_one_third  avia-builder-el-20  avia-builder-el-no-sibling  first flex_column_div av-zero-column-padding  '     ><section  class='av_textblock_section av-paml-7969f69055f9531258838aa136cf7cce '   itemscope=\"itemscope\" itemtype=\"https:\/\/schema.org\/CreativeWork\" ><div class='avia_textblock'  itemprop=\"text\" ><h2>Flere pr\u00e6dikener<\/h2>\n<h2><strong style=\"font-size: 16px;\"><a href=\"https:\/\/www.youtube.com\/channel\/UCscpcMTVhKsW-ZkkrQ8j02A\/videos\" target=\"_blank\" rel=\"noopener\">Youtube &gt;&gt;<\/a><\/strong><\/h2>\n<\/div><\/section><\/div>\n\n","protected":false},"excerpt":{"rendered":"","protected":false},"author":2,"featured_media":0,"parent":0,"menu_order":0,"comment_status":"open","ping_status":"closed","template":"","meta":{"footnotes":""},"yoast_head":"<!-- This site is optimized with the Yoast SEO plugin v24.5 - https:\/\/yoast.com\/wordpress\/plugins\/seo\/ -->\n<title>Pr\u00e6dikener - Elena Radef Ministries<\/title>\n<meta name=\"robots\" content=\"index, follow, max-snippet:-1, max-image-preview:large, max-video-preview:-1\" \/>\n<link rel=\"canonical\" href=\"https:\/\/elenaradef.org\/da\/medier\/\" \/>\n<meta property=\"og:locale\" content=\"da_DK\" \/>\n<meta property=\"og:type\" content=\"article\" \/>\n<meta property=\"og:title\" content=\"Pr\u00e6dikener - Elena Radef Ministries\" \/>\n<meta property=\"og:url\" content=\"https:\/\/elenaradef.org\/da\/medier\/\" \/>\n<meta property=\"og:site_name\" content=\"Elena Radef Ministries\" \/>\n<meta property=\"article:publisher\" content=\"https:\/\/www.facebook.com\/elenaradefministries\" \/>\n<meta property=\"article:modified_time\" content=\"2026-03-12T21:57:55+00:00\" \/>\n<meta name=\"twitter:card\" content=\"summary_large_image\" \/>\n<meta name=\"twitter:label1\" content=\"Estimeret l\u00e6setid\" \/>\n\t<meta name=\"twitter:data1\" content=\"2 minutter\" \/>\n<script type=\"application\/ld+json\" class=\"yoast-schema-graph\">{\"@context\":\"https:\/\/schema.org\",\"@graph\":[{\"@type\":\"WebPage\",\"@id\":\"https:\/\/elenaradef.org\/da\/medier\/\",\"url\":\"https:\/\/elenaradef.org\/da\/medier\/\",\"name\":\"Pr\u00e6dikener - Elena Radef Ministries\",\"isPartOf\":{\"@id\":\"https:\/\/elenaradef.org\/da\/#website\"},\"datePublished\":\"2015-07-30T22:22:43+00:00\",\"dateModified\":\"2026-03-12T21:57:55+00:00\",\"breadcrumb\":{\"@id\":\"https:\/\/elenaradef.org\/da\/medier\/#breadcrumb\"},\"inLanguage\":\"da-DK\",\"potentialAction\":[{\"@type\":\"ReadAction\",\"target\":[\"https:\/\/elenaradef.org\/da\/medier\/\"]}]},{\"@type\":\"BreadcrumbList\",\"@id\":\"https:\/\/elenaradef.org\/da\/medier\/#breadcrumb\",\"itemListElement\":[{\"@type\":\"ListItem\",\"position\":1,\"name\":\"Home\",\"item\":\"https:\/\/elenaradef.org\/da\/velkommen\/\"},{\"@type\":\"ListItem\",\"position\":2,\"name\":\"Pr\u00e6dikener\"}]},{\"@type\":\"WebSite\",\"@id\":\"https:\/\/elenaradef.org\/da\/#website\",\"url\":\"https:\/\/elenaradef.org\/da\/\",\"name\":\"Elena Radef Ministries\",\"description\":\"Teacher &amp; Evangelist\",\"potentialAction\":[{\"@type\":\"SearchAction\",\"target\":{\"@type\":\"EntryPoint\",\"urlTemplate\":\"https:\/\/elenaradef.org\/da\/?s={search_term_string}\"},\"query-input\":{\"@type\":\"PropertyValueSpecification\",\"valueRequired\":true,\"valueName\":\"search_term_string\"}}],\"inLanguage\":\"da-DK\"}]}<\/script>\n<!-- \/ Yoast SEO plugin. -->","yoast_head_json":{"title":"Pr\u00e6dikener - Elena Radef Ministries","robots":{"index":"index","follow":"follow","max-snippet":"max-snippet:-1","max-image-preview":"max-image-preview:large","max-video-preview":"max-video-preview:-1"},"canonical":"https:\/\/elenaradef.org\/da\/medier\/","og_locale":"da_DK","og_type":"article","og_title":"Pr\u00e6dikener - Elena Radef Ministries","og_url":"https:\/\/elenaradef.org\/da\/medier\/","og_site_name":"Elena Radef Ministries","article_publisher":"https:\/\/www.facebook.com\/elenaradefministries","article_modified_time":"2026-03-12T21:57:55+00:00","twitter_card":"summary_large_image","twitter_misc":{"Estimeret l\u00e6setid":"2 minutter"},"schema":{"@context":"https:\/\/schema.org","@graph":[{"@type":"WebPage","@id":"https:\/\/elenaradef.org\/da\/medier\/","url":"https:\/\/elenaradef.org\/da\/medier\/","name":"Pr\u00e6dikener - Elena Radef Ministries","isPartOf":{"@id":"https:\/\/elenaradef.org\/da\/#website"},"datePublished":"2015-07-30T22:22:43+00:00","dateModified":"2026-03-12T21:57:55+00:00","breadcrumb":{"@id":"https:\/\/elenaradef.org\/da\/medier\/#breadcrumb"},"inLanguage":"da-DK","potentialAction":[{"@type":"ReadAction","target":["https:\/\/elenaradef.org\/da\/medier\/"]}]},{"@type":"BreadcrumbList","@id":"https:\/\/elenaradef.org\/da\/medier\/#breadcrumb","itemListElement":[{"@type":"ListItem","position":1,"name":"Home","item":"https:\/\/elenaradef.org\/da\/velkommen\/"},{"@type":"ListItem","position":2,"name":"Pr\u00e6dikener"}]},{"@type":"WebSite","@id":"https:\/\/elenaradef.org\/da\/#website","url":"https:\/\/elenaradef.org\/da\/","name":"Elena Radef Ministries","description":"Teacher &amp; Evangelist","potentialAction":[{"@type":"SearchAction","target":{"@type":"EntryPoint","urlTemplate":"https:\/\/elenaradef.org\/da\/?s={search_term_string}"},"query-input":{"@type":"PropertyValueSpecification","valueRequired":true,"valueName":"search_term_string"}}],"inLanguage":"da-DK"}]}},"_links":{"self":[{"href":"https:\/\/elenaradef.org\/da\/wp-json\/wp\/v2\/pages\/173"}],"collection":[{"href":"https:\/\/elenaradef.org\/da\/wp-json\/wp\/v2\/pages"}],"about":[{"href":"https:\/\/elenaradef.org\/da\/wp-json\/wp\/v2\/types\/page"}],"author":[{"embeddable":true,"href":"https:\/\/elenaradef.org\/da\/wp-json\/wp\/v2\/users\/2"}],"replies":[{"embeddable":true,"href":"https:\/\/elenaradef.org\/da\/wp-json\/wp\/v2\/comments?post=173"}],"version-history":[{"count":77,"href":"https:\/\/elenaradef.org\/da\/wp-json\/wp\/v2\/pages\/173\/revisions"}],"predecessor-version":[{"id":5935,"href":"https:\/\/elenaradef.org\/da\/wp-json\/wp\/v2\/pages\/173\/revisions\/5935"}],"wp:attachment":[{"href":"https:\/\/elenaradef.org\/da\/wp-json\/wp\/v2\/media?parent=173"}],"curies":[{"name":"wp","href":"https:\/\/api.w.org\/{rel}","templated":true}]}}